{"id":50,"date":"2013-12-28T07:32:19","date_gmt":"2013-12-28T07:32:19","guid":{"rendered":"http:\/\/blog.fcrostock.de\/?page_id=50"},"modified":"2015-12-13T09:15:01","modified_gmt":"2015-12-13T08:15:01","slug":"fliegen-lernen","status":"publish","type":"page","link":"https:\/\/www.fcrostock.de\/?page_id=50","title":{"rendered":"Fliegen lernen"},"content":{"rendered":"<h1><span style=\"color: #ff0000;\">Fliegen beim Fliegerclub Rostock e.V. ein Sport f\u00fcr jeden!<\/span><\/h1>\n<ul>\n<li id=\"liste1\">Welchen Flugsport kann man im Fliegerclub Rostock e.V. betreiben?<\/li>\n<li id=\"liste1\">Welche Anforderungen gibt es f\u00fcr den Beginn des Segelfluges?<\/li>\n<li id=\"liste1\">Worauf muss ich mich einstellen?<\/li>\n<li id=\"liste1\">Welche finanziellen Aufwendungen kommen auf mich zu?<\/li>\n<li id=\"liste1\">Wo kann ich mich melden bzw. weitere Informationen erhalten?<\/li>\n<\/ul>\n<hr \/>\n<h2><span style=\"color: #ff0000;\">Welchen Flugsport kann man im Fliegerclub Rostock e.V. betreiben?<\/span><\/h2>\n<p>Hauptziel des Fliegerclub Rostock e.V. ist die Aus\u00fcbung des Sportfluges. Daf\u00fcr bilden wir auch im Vereinsrahmen f\u00fcr folgende Berechtigungen aus:<\/p>\n<ul>\n<li id=\"liste\">Luftfahrschein f\u00fcr Segelflugzeugf\u00fchrer mit allen Startarten und Berechtigung zum F\u00fchren eines Motorseglers (PPL-C)<\/li>\n<li id=\"liste\">Lizenz f\u00fcr Privatpiloten mit der Eintragung Motorsegler (TMG) und einmotorige Flugzeuge mit Kolbentriebwerk (SEP)<\/li>\n<li id=\"liste\">Erwerb zus\u00e4tzlicher Berechtigungen (Windenfahrer, F-Schlepp, BZF I, C-VFR, Fluglehrer-\/ in)<\/li>\n<\/ul>\n<p>Zus\u00e4tzlich kann der <a href=\"http:\/\/fcrostock.de\/Seiten\/Modellflug\/Modellflug.htm\" target=\"_self\">Modellsport<\/a> in einer eigenen Modellfluggruppe ausge\u00fcbt werden.<\/p>\n<p>Fliegen im Verein bringt neben dem zeitaufwendigen Engagement viel Freude in einer Gemeinschaft Gleichgesinnter. Erkundigen Sie sich, wenn Sie dabei sein wollen!<\/p>\n<hr \/>\n<h2><span style=\"color: #ff0000;\">Welche Anforderungen gibt es f\u00fcr den Beginn des Segelfluges?<\/span><\/h2>\n<ul>\n<li id=\"liste\">Mindestalter 14 Jahre, ein H\u00f6chstalter ist nicht vorgeschrieben<\/li>\n<li id=\"liste\">jeder kann fliegen lernen egal ob M\u00e4dchen oder Junge<\/li>\n<li id=\"liste\">sportmedizinische Tauglichkeit (eine Brille stellt kein Hindernis dar)<\/li>\n<li id=\"liste\">Mitgliedschaft im Fliegerclub Rostock e.V.<br \/>\n(ein Schnupperkurs mit 10 Segelflugstarts ist f\u00fcr 105 \u20ac m\u00f6glich, bei nachfolgenden Eintritt in Verein wird dieser Betrag angerechnet)<\/li>\n<li id=\"liste\">Bereitschaft f\u00fcr ein zeitaufwendiges aber sch\u00f6neres Hobby im Team, bei dem mit angepackt werden muss<\/li>\n<\/ul>\n<hr \/>\n<h2><span style=\"color: #ff0000;\">Worauf muss ich mich einstellen?<\/span><\/h2>\n<ul>\n<li id=\"liste\">theoretische und praktische Ausbildung mit Pr\u00fcfung zur Erlangung Fluglizenz<\/li>\n<li id=\"liste\">gemeinsames Anpacken zur Sicherstellung des Flugbetriebs (ein- und ausr\u00e4umen, waschen der Flugzeuge, Seile ausfahren und einh\u00e4ngen, Hilfestellung f\u00fcr andere Piloten)<\/li>\n<li id=\"liste\">40 Pflichtbaustunden f\u00fcr den Verein innerhalb eines Jahres; d. h. technische Arbeiten zur Wartung der Flugzeuge, Flugplatztechnik, Flugplatz allg. (nach spezieller Ausbildung)<\/li>\n<li id=\"liste\">Fliegen ist ein Teamsport und geht somit nicht alleine!!<\/li>\n<\/ul>\n<hr \/>\n<h2><span style=\"color: #ff0000;\">Welche finanziellen Aufwendungen kommen auf mich zu?<\/span><\/h2>\n<h3>Einmalige Aufnahmegeb\u00fchr (f\u00e4llig bei Aufnahme)<\/h3>\n<ul>\n<li>bis 21 Jahre\u00a0\u00a0\u00a0\u00a0\u00a0 105\u20ac<\/li>\n<li>\u00fcber 21 Jahre\u00a0\u00a0 250\u20ac<\/li>\n<\/ul>\n<h3>Jahresbeitrag (alle Piloten f\u00e4llig im Januar)<\/h3>\n<ul>\n<li>bis 21 Jahre\u00a0\u00a0\u00a0\u00a0\u00a0\u00a0\u00a0 90\u20ac<\/li>\n<li>\u00fcber 21 Jahre\u00a0\u00a0 150\u20ac<\/li>\n<\/ul>\n<h3>Flugbetriebsgeb\u00fchr (Lizenzpiloten, Motorflugsch\u00fcler f\u00e4llig im M\u00e4rz)<\/h3>\n<ul>\n<li>bis 21 Jahre\u00a0\u00a0\u00a0\u00a0\u00a0 100\u20ac<\/li>\n<li>\u00fcber 21 Jahre\u00a0\u00a0 150\u20ac<\/li>\n<\/ul>\n<h3>Flugbetriebsgeb\u00fchr in der Segelflugausbildung (monatliche Raten)<\/h3>\n<p>Altersunabh\u00e4ngig, monatliche Rechnung, keine weitern Flug- oder Windenstartgeb\u00fchren!<\/p>\n<ul>\n<li>300\u20ac (\u00fcber die Saison verteilt)<\/li>\n<\/ul>\n<h3>Geb\u00fchr f\u00fcr einen Windenstart (f\u00fcr Mitglieder FCR mit Lizenz)<\/h3>\n<ul>\n<li>3,50\u20ac<\/li>\n<\/ul>\n<p>Sonderleistungen wie F-Schlepps (Segelflugstarts hinter einem Motorflugzeug) m\u00fcssen gem\u00e4\u00df g\u00fcltiger Finanzordnung extra bezahlt werden. Weitere ausf\u00fchrliche Informationen erhalten Sie bei einem Besuch auf unserem Flugplatz.<\/p>\n<hr \/>\n<h2><span style=\"color: #ff0000;\">Kann ich ausprobieren, ob der Flugsport etwas f\u00fcr mich ist?<br \/>\n<\/span><\/h2>\n<p>Da die Mitgliedschaft im Verein mit einer Aufnahmegeb\u00fchr verbunden ist, bieten wir zum Kennenlernen des Flugsports einen Schnupperkurs an. Dieser beinhaltet 10 Starts in einem Segelflugzeug mit einem Fluglehrer. Innerhalb von 3 Monaten kann der Flugsport durch Teilnahme an unterschiedlichen Flugbetriebstagen kennengelernt werden. Dabei ist die vollst\u00e4ndige Teilnahme an den Flugbetriebstagen wichtig, da nur so alle Rahmenbedingungen des Segelflugsports im Verein kennengelernt werden. Falls im Anschluss an den Schnupperkurs der Wunsch besteht den Flugsport im Fliegerclub Rostock e.V. zu betreiben, wird die Schnupperkursgeb\u00fchr von 105 Euro auf den Aufnahmebeitrag angerechnet.<\/p>\n<p>&nbsp;<\/p>\n<hr \/>\n<h2><span style=\"color: #ff0000;\">Wo kann ich mich melden bzw. weitere Informationen erhalten?<\/span><\/h2>\n<p>Ansprechpartner f\u00fcr alle Fragen zum Thema Fliegen im Verein finden Sie unter der Adresse:<\/p>\n<div>\n<p>Fliegerclub Rostock e.V.\u00a0\u00a0\u00a0\u00a0\u00a0\u00a0\u00a0 Telefon: 038202\/2111<br \/>\nFlugplatz Purkshof\u00a0\u00a0\u00a0\u00a0\u00a0\u00a0\u00a0\u00a0\u00a0\u00a0\u00a0\u00a0\u00a0\u00a0\u00a0\u00a0\u00a0\u00a0E-Mail: <a href=\"mailto:vereinspost@fcrostock.de\" target=\"_blank\">vereinspost@fcrostock.de<\/a><br \/>\n18182 M\u00f6nchhagen<\/p>\n<\/div>\n<p>Gerne sind wir auch bereit, nach telefonischer Absprache F\u00fchrungen und Vortr\u00e4ge auf dem Flugplatz in Purkshof durchzuf\u00fchren.<\/p>\n<hr \/>\n<p>&nbsp;<\/p>\n<p style=\"text-align: center;\">\n<div class=\"wpcf7 no-js\" id=\"wpcf7-f120-o1\" lang=\"de-DE\" dir=\"ltr\" data-wpcf7-id=\"120\">\n<div class=\"screen-reader-response\"><p role=\"status\" aria-live=\"polite\" aria-atomic=\"true\"><\/p> <ul><\/ul><\/div>\n<form action=\"\/index.php?rest_route=%2Fwp%2Fv2%2Fpages%2F50#wpcf7-f120-o1\" method=\"post\" class=\"wpcf7-form init\" aria-label=\"Kontaktformular\" novalidate=\"novalidate\" data-status=\"init\">\n<fieldset class=\"hidden-fields-container\"><input type=\"hidden\" name=\"_wpcf7\" value=\"120\" \/><input type=\"hidden\" name=\"_wpcf7_version\" value=\"6.1.5\" \/><input type=\"hidden\" name=\"_wpcf7_locale\" value=\"de_DE\" \/><input type=\"hidden\" name=\"_wpcf7_unit_tag\" value=\"wpcf7-f120-o1\" \/><input type=\"hidden\" name=\"_wpcf7_container_post\" value=\"0\" \/><input type=\"hidden\" name=\"_wpcf7_posted_data_hash\" value=\"\" \/><input type=\"hidden\" name=\"_wpcf7_recaptcha_response\" value=\"\" \/>\n<\/fieldset>\n<p>Ihr Name (Pflichtfeld)\n<\/p>\n<p><span class=\"wpcf7-form-control-wrap\" data-name=\"your-name\"><input size=\"40\" maxlength=\"400\" class=\"wpcf7-form-control wpcf7-text wpcf7-validates-as-required\" aria-required=\"true\" aria-invalid=\"false\" value=\"\" type=\"text\" name=\"your-name\" \/><\/span>\n<\/p>\n<p>Ihre E-Mail-Adresse (Pflichtfeld)\n<\/p>\n<p><span class=\"wpcf7-form-control-wrap\" data-name=\"your-email\"><input size=\"40\" maxlength=\"400\" class=\"wpcf7-form-control wpcf7-email wpcf7-validates-as-required wpcf7-text wpcf7-validates-as-email\" aria-required=\"true\" aria-invalid=\"false\" value=\"\" type=\"email\" name=\"your-email\" \/><\/span>\n<\/p>\n<p>Betreff\n<\/p>\n<p><span class=\"wpcf7-form-control-wrap\" data-name=\"your-subject\"><input size=\"40\" maxlength=\"400\" class=\"wpcf7-form-control wpcf7-text\" aria-invalid=\"false\" value=\"\" type=\"text\" name=\"your-subject\" \/><\/span>\n<\/p>\n<p>Ihre Nachricht\n<\/p>\n<p><span class=\"wpcf7-form-control-wrap\" data-name=\"your-message\"><textarea cols=\"40\" rows=\"10\" maxlength=\"2000\" class=\"wpcf7-form-control wpcf7-textarea\" aria-invalid=\"false\" name=\"your-message\"><\/textarea><\/span>\n<\/p>\n<p><input class=\"wpcf7-form-control wpcf7-submit has-spinner\" type=\"submit\" value=\"Senden\" \/>\n<\/p><div class=\"wpcf7-response-output\" aria-hidden=\"true\"><\/div>\n<\/form>\n<\/div>\n<\/p>\n","protected":false},"excerpt":{"rendered":"<p>Fliegen beim Fliegerclub Rostock e.V. ein Sport f\u00fcr jeden! Welchen Flugsport kann man im Fliegerclub Rostock e.V. betreiben? Welche Anforderungen gibt es f\u00fcr den Beginn des Segelfluges? Worauf muss ich mich einstellen? Welche finanziellen Aufwendungen kommen auf mich zu? Wo kann ich mich melden bzw. weitere Informationen erhalten? Welchen Flugsport kann man im Fliegerclub Rostock [&hellip;]<\/p>\n","protected":false},"author":1,"featured_media":0,"parent":0,"menu_order":0,"comment_status":"open","ping_status":"closed","template":"page-c.php","meta":{"footnotes":""},"class_list":["post-50","page","type-page","status-publish","hentry"],"jetpack_sharing_enabled":true,"_links":{"self":[{"href":"https:\/\/www.fcrostock.de\/index.php?rest_route=\/wp\/v2\/pages\/50","targetHints":{"allow":["GET"]}}],"collection":[{"href":"https:\/\/www.fcrostock.de\/index.php?rest_route=\/wp\/v2\/pages"}],"about":[{"href":"https:\/\/www.fcrostock.de\/index.php?rest_route=\/wp\/v2\/types\/page"}],"author":[{"embeddable":true,"href":"https:\/\/www.fcrostock.de\/index.php?rest_route=\/wp\/v2\/users\/1"}],"replies":[{"embeddable":true,"href":"https:\/\/www.fcrostock.de\/index.php?rest_route=%2Fwp%2Fv2%2Fcomments&post=50"}],"version-history":[{"count":4,"href":"https:\/\/www.fcrostock.de\/index.php?rest_route=\/wp\/v2\/pages\/50\/revisions"}],"predecessor-version":[{"id":2044,"href":"https:\/\/www.fcrostock.de\/index.php?rest_route=\/wp\/v2\/pages\/50\/revisions\/2044"}],"wp:attachment":[{"href":"https:\/\/www.fcrostock.de\/index.php?rest_route=%2Fwp%2Fv2%2Fmedia&parent=50"}],"curies":[{"name":"wp","href":"https:\/\/api.w.org\/{rel}","templated":true}]}}