{"id":56,"date":"2014-01-05T09:03:16","date_gmt":"2014-01-05T09:03:16","guid":{"rendered":"http:\/\/blog.fcrostock.de\/?page_id=56"},"modified":"2018-05-26T14:39:00","modified_gmt":"2018-05-26T12:39:00","slug":"flugzeugpark-des-fliegerclubs-rostock","status":"publish","type":"page","link":"https:\/\/www.fcrostock.de\/?page_id=56","title":{"rendered":"Flugzeugpark des Fliegerclubs Rostock"},"content":{"rendered":"<p><strong>Der Fliegerclub Rostock e.V.\u00a0betreibt\u00a09 Flugzeuge:<\/strong><\/p>\n<p>6\u00a0Segelflieger (davon\u00a03 Doppelsitzer)<br \/>\n2 Motorsegler<br \/>\n1 Motorflugzeug<\/p>\n<div id=\"container\" style=\"height: 300px;\">\n<h2>Puchacz<\/h2>\n<h2><img loading=\"lazy\" decoding=\"async\" class=\"alignleft\" style=\"margin: 0px 3px 0px 3px;\" src=\"https:\/\/www.fcrostock.de\/wp-content\/uploads\/2018\/05\/Puchacz0398k.jpg\" alt=\"Puchacz\" width=\"250\" height=\"187\" \/><\/h2>\n<p>Die beiden Segelflugzeuge vom Typ Puchacz verwenden wir vorwiegend f\u00fcr die Schulung. Sie werden aber auch f\u00fcr Spa\u00df- und Streckenfl\u00fcge durch alle\u00a0Mitglieder genutzt. Sie sind fast bei jedem Flugtag am Start. Der Puchacz mit der Kennung D-0638 wurde im Jahr 2013 neu lackiert.<\/p>\n<p>&nbsp;<\/p>\n<\/div>\n<div id=\"container\" style=\"height: 300px;\">\n<h2>Duo Discus (X)<\/h2>\n<h2><img loading=\"lazy\" decoding=\"async\" class=\"alignright\" style=\"margin: 0px 3px 0px 3px;\" src=\"https:\/\/www.fcrostock.de\/wp-content\/uploads\/2017\/05\/Duo.jpg\" alt=\"Duo Discus (X)\" width=\"250\" height=\"187\" \/><\/h2>\n<p>Besonders stolz sind wir auf die Anschaffung des Duo Discus (X) im Winter 2016\/2017. Es ist zur Zeit das wertvollste Flugzeug des Vereins. Der Gleitzahl 46 Flieger\u00a0wird viel geflogen. Mit ihm ist es m\u00f6glich zu zweit lange und weite Fl\u00fcge zu machen. Er ist einfach zu fliegen und liegt satt in der Thermik. Wir hoffen das viele Mitglieder des FCR die M\u00f6glichkeiten dieses Flugzeuges in der Zukunft weiter nutzen.<\/p>\n<\/div>\n<p>&nbsp;<\/p>\n<div id=\"container\" style=\"height: 300px;\">\n<h2>Astir Club<\/h2>\n<h2><img loading=\"lazy\" decoding=\"async\" class=\"alignleft\" style=\"margin: 0px 3px 0px 3px;\" src=\"https:\/\/www.fcrostock.de\/wp-content\/uploads\/2018\/05\/Astir0404k.jpg\" alt=\"Astir\" width=\"250\" height=\"187\" \/><\/h2>\n<p>Der Club Astir war unsere erste Anschaffung nach der Wende. Er ist einfach zu fliegen, bietet viel Platz und ist auch schnell im H\u00e4nger verschwunden.<br \/>\nMittlerweile setzten wir den Club Astir in der Schulung ein.<br \/>\nDas erste Foto zum Runterladen ist nach einer Au\u00dfenlandung in der N\u00e4he von Waren entstanden, als die Flugh\u00f6he nicht mehr ganz nach Hause reichte.<\/p>\n<\/div>\n<p>&nbsp;<\/p>\n<div id=\"container\" style=\"height: 300px;\">\n<h2>DG-100 ELAN<\/h2>\n<h2><img loading=\"lazy\" decoding=\"async\" class=\"alignright\" style=\"margin: 0px 3px 0px 3px;\" src=\"https:\/\/www.fcrostock.de\/wp-content\/uploads\/2018\/05\/DG-100k.jpg\" alt=\"Astir\" width=\"250\" height=\"187\" \/><\/h2>\n<p>Die DG-100 war viele Jahre in Privatbesitz eines Mitgliedes. Sie ist also keine Unbekannte am Rostocker Himmel. 2018 kaufte der Fliegerclub Rostock die DG-100 und seitdem wird sie als Schulflugzeug am Ende der Ausbildung und nat\u00fcrlich auch f\u00fcr die Lizenzpiloten eingesetzt. Mit diesem Flugzeug haben wir die L\u00fccke zwischen dem Astir und der DG-300 geschlossen.<\/p>\n<\/div>\n<p>&nbsp;<\/p>\n<div id=\"container\" style=\"height: 300px;\">\n<h2>DG-300 ELAN<\/h2>\n<p><img loading=\"lazy\" decoding=\"async\" class=\"alignleft size-full wp-image-2174\" style=\"margin: 0px 3px 0px 3px;\" src=\"https:\/\/www.fcrostock.de\/wp-content\/uploads\/2016\/02\/DG300k.jpg\" alt=\"DG300k\" width=\"250\" height=\"188\" srcset=\"https:\/\/www.fcrostock.de\/wp-content\/uploads\/2016\/02\/DG300k.jpg 250w, https:\/\/www.fcrostock.de\/wp-content\/uploads\/2016\/02\/DG300k-150x113.jpg 150w\" sizes=\"auto, (max-width: 250px) 100vw, 250px\" \/>Die\u00a0DG-300\u00a0ELAN wurde 2015 angeschafft und\u00a0hat seit dem schon einige ordentliche Streckenkilometer zur\u00fcckgelegt. \u00a0Sie ist mit\u00a0Winglets, einer get\u00f6nten Haube, E-Vario, IGC Flarm und Anschluss f\u00fcr private PDA\u00b4s ausger\u00fcstet. Die Maschine fliegt vollkommen problemlos. Jeder Lizenzpilot darf sie nach einer Einweisung fliegen.<\/p>\n<\/div>\n<p>&nbsp;<\/p>\n<div id=\"container\" style=\"height: 300px;\">\n<h2>Die Falken<\/h2>\n<h2><img loading=\"lazy\" decoding=\"async\" class=\"alignright\" style=\"margin: 0px 3px 0px 3px;\" src=\"https:\/\/www.fcrostock.de\/wp-content\/uploads\/2018\/05\/FalkeOZ0583.jpg\" alt=\"Falke\" width=\"250\" height=\"187\" \/><\/h2>\n<p>Die beiden C-Falken fliegen das ganze Jahr \u00fcber und haben praktisch schon das ganze Bundesgebiet gesehen. Fast jeder Segelflugpilot im Verein hat auch den TMG in seiner Lizenz eingetragen.<br \/>\nDie D-KIOZ wurde im September 2011 gekauft. Das erste Bild zum Runterladen zeigt die Maschine auf dem Rollweg nach der ersten Landung auf unserem Flugplatz.<\/p>\n<\/div>\n<p>&nbsp;<\/p>\n<div id=\"container\" style=\"height: 300px;\">\n<h2>Remorqueur DR-400\/180R<\/h2>\n<h2><img loading=\"lazy\" decoding=\"async\" class=\"alignleft\" style=\"margin: 0px 3px 0px 3px;\" src=\"https:\/\/www.fcrostock.de\/wp-content\/uploads\/2018\/05\/Remo_2566k.jpg\" alt=\"Remo\" width=\"250\" height=\"187\" \/><\/h2>\n<p>Seit Mai 2006 fliegt die DR 400\/180 Remorqueur mit der Kennung D-EHFH bei uns. Sie wird auch kurz und liebevoll &#8222;Remo&#8220; genannt.<br \/>\nDie Remo hat die die <a href=\"https:\/\/www.fcrostock.de\/wp-content\/uploads\/2018\/05\/Wilgah.jpg\" target=\"_blank\" rel=\"noopener noreferrer\">Wilga<\/a> abgel\u00f6st. Sie hat 180 PS und fliegt mit vier Personen 200 km\/h Reisegeschwindigkeit. Die Sicht ist von allen vier Sitzen hervorragend. Sie kann auch Segelflugzeuge mittels F-Schlepp hochziehen.<\/p>\n<p>Hier zu sehen bei einem Flug \u00fcber der Hanse Sail.<\/p>\n<\/div>\n","protected":false},"excerpt":{"rendered":"<p>Der Fliegerclub Rostock e.V.\u00a0betreibt\u00a09 Flugzeuge: 6\u00a0Segelflieger (davon\u00a03 Doppelsitzer) 2 Motorsegler 1 Motorflugzeug Puchacz Die beiden Segelflugzeuge vom Typ Puchacz verwenden wir vorwiegend f\u00fcr die Schulung. Sie werden aber auch f\u00fcr Spa\u00df- und Streckenfl\u00fcge durch alle\u00a0Mitglieder genutzt. Sie sind fast bei jedem Flugtag am Start. Der Puchacz mit der Kennung D-0638 wurde im Jahr 2013 neu [&hellip;]<\/p>\n","protected":false},"author":1,"featured_media":0,"parent":0,"menu_order":0,"comment_status":"closed","ping_status":"closed","template":"","meta":{"footnotes":""},"class_list":["post-56","page","type-page","status-publish","hentry"],"jetpack_sharing_enabled":true,"_links":{"self":[{"href":"https:\/\/www.fcrostock.de\/index.php?rest_route=\/wp\/v2\/pages\/56","targetHints":{"allow":["GET"]}}],"collection":[{"href":"https:\/\/www.fcrostock.de\/index.php?rest_route=\/wp\/v2\/pages"}],"about":[{"href":"https:\/\/www.fcrostock.de\/index.php?rest_route=\/wp\/v2\/types\/page"}],"author":[{"embeddable":true,"href":"https:\/\/www.fcrostock.de\/index.php?rest_route=\/wp\/v2\/users\/1"}],"replies":[{"embeddable":true,"href":"https:\/\/www.fcrostock.de\/index.php?rest_route=%2Fwp%2Fv2%2Fcomments&post=56"}],"version-history":[{"count":70,"href":"https:\/\/www.fcrostock.de\/index.php?rest_route=\/wp\/v2\/pages\/56\/revisions"}],"predecessor-version":[{"id":6562,"href":"https:\/\/www.fcrostock.de\/index.php?rest_route=\/wp\/v2\/pages\/56\/revisions\/6562"}],"wp:attachment":[{"href":"https:\/\/www.fcrostock.de\/index.php?rest_route=%2Fwp%2Fv2%2Fmedia&parent=56"}],"curies":[{"name":"wp","href":"https:\/\/api.w.org\/{rel}","templated":true}]}}