{"id":88,"date":"2013-12-27T14:51:04","date_gmt":"2013-12-27T14:51:04","guid":{"rendered":"http:\/\/blog.fcrostock.de\/?page_id=88"},"modified":"2025-06-15T09:18:35","modified_gmt":"2025-06-15T07:18:35","slug":"i-m-p-r-e-s-s-u-m","status":"publish","type":"page","link":"https:\/\/www.fcrostock.de\/?page_id=88","title":{"rendered":"I M P R E S S U M"},"content":{"rendered":"<div class=\"wp-block-image\">\n<figure class=\"aligncenter size-full is-resized\"><img loading=\"lazy\" decoding=\"async\" width=\"598\" height=\"439\" src=\"https:\/\/www.fcrostock.de\/wp-content\/uploads\/2023\/04\/Logo_FCR_2023.jpg\" alt=\"\" class=\"wp-image-45488\" style=\"width:374px;height:275px\" srcset=\"https:\/\/www.fcrostock.de\/wp-content\/uploads\/2023\/04\/Logo_FCR_2023.jpg 598w, https:\/\/www.fcrostock.de\/wp-content\/uploads\/2023\/04\/Logo_FCR_2023-300x220.jpg 300w, https:\/\/www.fcrostock.de\/wp-content\/uploads\/2023\/04\/Logo_FCR_2023-150x110.jpg 150w\" sizes=\"auto, (max-width: 598px) 100vw, 598px\" \/><\/figure>\n<\/div>\n\n<p>Mitglied im <a title=\"Deutscher Aeroclub e.V.\" href=\"http:\/\/www.daec.de\" target=\"_blank\" rel=\"noopener noreferrer\">Deutschen Aeroclub e.V.<\/a><br \/>Mitglied im <a title=\"Stadtsportbund Rostock\" href=\"http:\/\/www.stadtsportbund-rostock.de\" target=\"_blank\" rel=\"noopener noreferrer\">Stadtsportbund Rostock e.V.<\/a><\/p>\n<address><strong>Postanschrift:<br \/><\/strong> Flugplatz Purkshof<br \/>18182 M\u00f6nchhagen<\/address><address>\u00a0<\/address><address>Tel:\u00a0\u00a0\u00a0 +49 38202 2111 \/ 0151-15606503<br \/>Fax:\u00a0 +49 38202 45031<\/address>\n<p>Ust-Id: DE159106480<br \/>Vereinsregister: Amtsgericht Rostock VR 462<br \/>Vereinsnummer im Landessportbund: 030866<\/p>\n<p><em>Verantwortlich f\u00fcr den Inhalt nach \u00a7 18 Abs. 2 MStV: Anja Bombach, Fliegerclub Rostock e.V., Flugplatz Purkshof, 18182 M\u00f6nchhagen<\/em><\/p>\n<h2><span style=\"font-size: 18pt;\">Vereinsvorstand<\/span><\/h2>\n<address>\n<table style=\"height: 123px; width: 58.2663%;\">\n<tbody>\n<tr style=\"height: 24px;\">\n<td style=\"width: 49.8876%; height: 24px;\">Vorsitzender:<\/td>\n<td style=\"width: 58.4497%; height: 24px;\">Sven Bradtke<\/td>\n<\/tr>\n<tr style=\"height: 32.1px;\">\n<td style=\"width: 49.8876%; height: 32.1px;\">Stellv. Vorsitzender:<\/td>\n<td style=\"width: 58.4497%; height: 32.1px;\">Axel Pudimat<\/td>\n<\/tr>\n<tr style=\"height: 24px;\">\n<td style=\"width: 49.8876%; height: 24px;\">Schatzmeister:<\/td>\n<td style=\"width: 58.4497%; height: 24px;\">Stefan Schwart<\/td>\n<\/tr>\n<tr style=\"height: 24px;\">\n<td style=\"width: 49.8876%; height: 24px;\">Vorstandsmitglied:<\/td>\n<td style=\"width: 58.4497%; height: 24px;\">Anja Bombach<\/td>\n<\/tr>\n<tr>\n<td style=\"width: 49.8876%;\">Vorstandsmitglied:<\/td>\n<td style=\"width: 58.4497%;\">Oliver Domesle<\/td>\n<\/tr>\n<tr>\n<td style=\"width: 49.8876%;\">Vorstandsmitglied:<\/td>\n<td style=\"width: 58.4497%;\">Alexander Schmitt<\/td>\n<\/tr>\n<\/tbody>\n<\/table>\n<\/address><address>\u00a0<\/address>\n<h2>\u00a0<span style=\"font-size: 18pt;\">Weitere Funktionen<\/span><\/h2>\n<address>\u00a0<\/address><address>\n<table style=\"height: 130px; width: 58.7079%;\">\n<tbody>\n<tr style=\"height: 26px;\">\n<td style=\"width: 31.25%; height: 26px;\">\u00a0<\/td>\n<td style=\"width: 36.8694%; height: 26px;\">\u00a0<\/td>\n<\/tr>\n<tr style=\"height: 26px;\">\n<td style=\"width: 31.25%; height: 26px;\">Technischer Leiter:<\/td>\n<td style=\"width: 36.8694%; height: 26px;\">Wolfgang Gl\u00e4ser<\/td>\n<\/tr>\n<tr style=\"height: 26px;\">\n<td style=\"width: 31.25%; height: 26px;\">Werkstattleiter:<\/td>\n<td style=\"width: 36.8694%; height: 26px;\">Maik Wei\u00dfenstein u. Rene Rietz<\/td>\n<\/tr>\n<tr style=\"height: 26px;\">\n<td style=\"width: 31.25%; height: 26px;\">Technik:<\/td>\n<td style=\"width: 36.8694%; height: 26px;\">Ralf Gose<\/td>\n<\/tr>\n<tr style=\"height: 26px;\">\n<td style=\"width: 31.25%; height: 26px;\">Homepage:<\/td>\n<td style=\"width: 36.8694%; height: 26px;\">Anja Bombach<\/td>\n<\/tr>\n<\/tbody>\n<\/table>\n<\/address>\n<h2>Erreichbarkeit<\/h2>\n<p>Sie erreichen uns am Wochenende unter der angegebenen\u00a0Telefonnummer. Werktags erreichen Sie uns von 9-16 Uhr. Die Besetzung unseres B\u00fcros k\u00f6nnen wir werktags leider nicht garantieren.\u00a0Wir versuchen unsere E-Mails zeitnah abzufragen, jedoch kann eine E-Mail-Beantwortung bis zu einer Woche in Anspruch nehmen.<\/p>\n<p style=\"text-align: center;\">\n<div class=\"wpcf7 no-js\" id=\"wpcf7-f120-o1\" lang=\"de-DE\" dir=\"ltr\" data-wpcf7-id=\"120\">\n<div class=\"screen-reader-response\"><p role=\"status\" aria-live=\"polite\" aria-atomic=\"true\"><\/p> <ul><\/ul><\/div>\n<form action=\"\/index.php?rest_route=%2Fwp%2Fv2%2Fpages%2F88#wpcf7-f120-o1\" method=\"post\" class=\"wpcf7-form init\" aria-label=\"Kontaktformular\" novalidate=\"novalidate\" data-status=\"init\">\n<fieldset class=\"hidden-fields-container\"><input type=\"hidden\" name=\"_wpcf7\" value=\"120\" \/><input type=\"hidden\" name=\"_wpcf7_version\" value=\"6.1.5\" \/><input type=\"hidden\" name=\"_wpcf7_locale\" value=\"de_DE\" \/><input type=\"hidden\" name=\"_wpcf7_unit_tag\" value=\"wpcf7-f120-o1\" \/><input type=\"hidden\" name=\"_wpcf7_container_post\" value=\"0\" \/><input type=\"hidden\" name=\"_wpcf7_posted_data_hash\" value=\"\" \/><input type=\"hidden\" name=\"_wpcf7_recaptcha_response\" value=\"\" \/>\n<\/fieldset>\n<p>Ihr Name (Pflichtfeld)\n<\/p>\n<p><span class=\"wpcf7-form-control-wrap\" data-name=\"your-name\"><input size=\"40\" maxlength=\"400\" class=\"wpcf7-form-control wpcf7-text wpcf7-validates-as-required\" aria-required=\"true\" aria-invalid=\"false\" value=\"\" type=\"text\" name=\"your-name\" \/><\/span>\n<\/p>\n<p>Ihre E-Mail-Adresse (Pflichtfeld)\n<\/p>\n<p><span class=\"wpcf7-form-control-wrap\" data-name=\"your-email\"><input size=\"40\" maxlength=\"400\" class=\"wpcf7-form-control wpcf7-email wpcf7-validates-as-required wpcf7-text wpcf7-validates-as-email\" aria-required=\"true\" aria-invalid=\"false\" value=\"\" type=\"email\" name=\"your-email\" \/><\/span>\n<\/p>\n<p>Betreff\n<\/p>\n<p><span class=\"wpcf7-form-control-wrap\" data-name=\"your-subject\"><input size=\"40\" maxlength=\"400\" class=\"wpcf7-form-control wpcf7-text\" aria-invalid=\"false\" value=\"\" type=\"text\" name=\"your-subject\" \/><\/span>\n<\/p>\n<p>Ihre Nachricht\n<\/p>\n<p><span class=\"wpcf7-form-control-wrap\" data-name=\"your-message\"><textarea cols=\"40\" rows=\"10\" maxlength=\"2000\" class=\"wpcf7-form-control wpcf7-textarea\" aria-invalid=\"false\" name=\"your-message\"><\/textarea><\/span>\n<\/p>\n<p><input class=\"wpcf7-form-control wpcf7-submit has-spinner\" type=\"submit\" value=\"Senden\" \/>\n<\/p><div class=\"wpcf7-response-output\" aria-hidden=\"true\"><\/div>\n<\/form>\n<\/div>\n<\/p>\n<h2>Rechtliche Hinweise zur Haftung<\/h2>\n<p>Der Fliegerclub Rostock e.V. \u00fcbernimmt keine Gew\u00e4hr f\u00fcr die Aktualit\u00e4t, Richtigkeit, Vollst\u00e4ndigkeit oder Qualit\u00e4t der bereitgestellten Informationen. F\u00fcr Sch\u00e4den materieller oder immaterieller Art, die durch die Nutzung oder Nichtnutzung der dargebotenen Informationen bzw. durch die Nutzung fehlerhafter und unvollst\u00e4ndiger Informationen unmittelbar oder mittelbar verursacht werden, haftet der Fliegerclub Rostock Rostock e.V. nicht, sofern ihm nicht vors\u00e4tzliches oder grob fahrl\u00e4ssiges Verhalten nachgewiesen werden kann. Gleiches gilt f\u00fcr kostenlos zum Download bereitgehaltene Dateien und Programme. Das Internetangebot oder Teile k\u00f6nnen ohne Ank\u00fcndigung durch den Fliegerclub Rostock e.V. ver\u00e4ndert, gel\u00f6scht oder erg\u00e4nzt werden. Der Fliegerclub Rostock e.V. hat auf Inhalte anderer Homepages keinen Einfluss, auch wenn diese per Verlinkung auf den Seiten des Fliegerclub Rostock e.V. erreicht werden k\u00f6nnen. Der Fliegerclub Rostock e.V. distanziert sich ausdr\u00fccklich von rechtswidrigen und anst\u00f6\u00dfigen Inhalten anderer Internetauftritte.<\/p>\n<h2>Urheberrecht<\/h2>\n<p>\u00a9 Fliegerclub Rostock e.V. Alle Rechte vorbehalten.<\/p>\n\n\n<figure class=\"wp-block-gallery has-nested-images columns-default is-cropped wp-block-gallery-1 is-layout-flex wp-block-gallery-is-layout-flex\"><\/figure>\n\n\n","protected":false},"excerpt":{"rendered":"<p>Mitglied im Deutschen Aeroclub e.V.Mitglied im Stadtsportbund Rostock e.V. Postanschrift: Flugplatz Purkshof18182 M\u00f6nchhagen \u00a0 Tel:\u00a0\u00a0\u00a0 +49 38202 2111 \/ 0151-15606503Fax:\u00a0 +49 38202 45031 Ust-Id: DE159106480Vereinsregister: Amtsgericht Rostock VR 462Vereinsnummer im Landessportbund: 030866 Verantwortlich f\u00fcr den Inhalt nach \u00a7 18 Abs. 2 MStV: Anja Bombach, Fliegerclub Rostock e.V., Flugplatz Purkshof, 18182 M\u00f6nchhagen Vereinsvorstand Vorsitzender: Sven Bradtke [&hellip;]<\/p>\n","protected":false},"author":1,"featured_media":45488,"parent":0,"menu_order":0,"comment_status":"closed","ping_status":"closed","template":"","meta":{"footnotes":""},"class_list":["post-88","page","type-page","status-publish","has-post-thumbnail","hentry"],"jetpack_sharing_enabled":true,"_links":{"self":[{"href":"https:\/\/www.fcrostock.de\/index.php?rest_route=\/wp\/v2\/pages\/88","targetHints":{"allow":["GET"]}}],"collection":[{"href":"https:\/\/www.fcrostock.de\/index.php?rest_route=\/wp\/v2\/pages"}],"about":[{"href":"https:\/\/www.fcrostock.de\/index.php?rest_route=\/wp\/v2\/types\/page"}],"author":[{"embeddable":true,"href":"https:\/\/www.fcrostock.de\/index.php?rest_route=\/wp\/v2\/users\/1"}],"replies":[{"embeddable":true,"href":"https:\/\/www.fcrostock.de\/index.php?rest_route=%2Fwp%2Fv2%2Fcomments&post=88"}],"version-history":[{"count":28,"href":"https:\/\/www.fcrostock.de\/index.php?rest_route=\/wp\/v2\/pages\/88\/revisions"}],"predecessor-version":[{"id":53176,"href":"https:\/\/www.fcrostock.de\/index.php?rest_route=\/wp\/v2\/pages\/88\/revisions\/53176"}],"wp:featuredmedia":[{"embeddable":true,"href":"https:\/\/www.fcrostock.de\/index.php?rest_route=\/wp\/v2\/media\/45488"}],"wp:attachment":[{"href":"https:\/\/www.fcrostock.de\/index.php?rest_route=%2Fwp%2Fv2%2Fmedia&parent=88"}],"curies":[{"name":"wp","href":"https:\/\/api.w.org\/{rel}","templated":true}]}}